{"id":11,"date":"2020-12-11T16:59:33","date_gmt":"2020-12-11T16:59:33","guid":{"rendered":"http:\/\/helene-langlois.alwaysdata.net\/perso\/?page_id=11"},"modified":"2025-10-21T10:38:06","modified_gmt":"2025-10-21T09:38:06","slug":"about","status":"publish","type":"page","link":"https:\/\/helene-langlois.alwaysdata.net\/perso\/","title":{"rendered":"Home"},"content":{"rendered":"\n<p><strong>I was a PhD student  at <a href=\"https:\/\/www.ecoledesponts.fr\/\" data-type=\"URL\" data-id=\"https:\/\/www.ecoledesponts.fr\/\">ENPC<\/a> under the supervision of <a href=\"https:\/\/cermics.enpc.fr\/~meuniefr\/\">Fr\u00e9d\u00e9ric Meunier<\/a> (CERMICS, ENPC) and <a href=\"http:\/\/igm.univ-mlv.fr\/~vialette\/\">St\u00e9phane Vialette<\/a> (LIGM, UGE). I am now an &#8220;ATER&#8221; at Universit\u00e9 Panth\u00e9on-Sorbonne.<\/strong><\/p>\n\n\n\n<p><\/p>\n\n\n\n<figure class=\"wp-block-image size-large\"><img loading=\"lazy\" decoding=\"async\" width=\"200\" height=\"190\" src=\"http:\/\/helene-langlois.alwaysdata.net\/perso\/wp-content\/uploads\/2020\/12\/page_web-3.bmp\" alt=\"\" class=\"wp-image-54\"\/><\/figure>\n","protected":false},"excerpt":{"rendered":"<p>I was a PhD student at ENPC under the supervision of Fr\u00e9d\u00e9ric Meunier (CERMICS, ENPC) and St\u00e9phane Vialette (LIGM, UGE). I am now an &#8220;ATER&#8221; at Universit\u00e9 Panth\u00e9on-Sorbonne.<\/p>\n","protected":false},"author":1,"featured_media":0,"parent":0,"menu_order":0,"comment_status":"closed","ping_status":"closed","template":"","meta":{"footnotes":""},"class_list":["post-11","page","type-page","status-publish","hentry"],"_links":{"self":[{"href":"https:\/\/helene-langlois.alwaysdata.net\/perso\/index.php\/wp-json\/wp\/v2\/pages\/11","targetHints":{"allow":["GET"]}}],"collection":[{"href":"https:\/\/helene-langlois.alwaysdata.net\/perso\/index.php\/wp-json\/wp\/v2\/pages"}],"about":[{"href":"https:\/\/helene-langlois.alwaysdata.net\/perso\/index.php\/wp-json\/wp\/v2\/types\/page"}],"author":[{"embeddable":true,"href":"https:\/\/helene-langlois.alwaysdata.net\/perso\/index.php\/wp-json\/wp\/v2\/users\/1"}],"replies":[{"embeddable":true,"href":"https:\/\/helene-langlois.alwaysdata.net\/perso\/index.php\/wp-json\/wp\/v2\/comments?post=11"}],"version-history":[{"count":8,"href":"https:\/\/helene-langlois.alwaysdata.net\/perso\/index.php\/wp-json\/wp\/v2\/pages\/11\/revisions"}],"predecessor-version":[{"id":118,"href":"https:\/\/helene-langlois.alwaysdata.net\/perso\/index.php\/wp-json\/wp\/v2\/pages\/11\/revisions\/118"}],"wp:attachment":[{"href":"https:\/\/helene-langlois.alwaysdata.net\/perso\/index.php\/wp-json\/wp\/v2\/media?parent=11"}],"curies":[{"name":"wp","href":"https:\/\/api.w.org\/{rel}","templated":true}]}}